{"id":22,"date":"2019-10-20T16:15:23","date_gmt":"2019-10-20T16:15:23","guid":{"rendered":"http:\/\/test.kjp-wue.de\/?page_id=22"},"modified":"2026-04-11T18:32:41","modified_gmt":"2026-04-11T16:32:41","slug":"praxis","status":"publish","type":"page","link":"https:\/\/kjp-wue.de\/","title":{"rendered":"Praxis"},"content":{"rendered":"\n<p><\/p>\n\n\n\n<p class=\"has-medium-font-size\"><strong>Herzlich Willkommen in der psychotherapeutischen Praxisgemeinschaft f\u00fcr Kinder und Jugendliche von Katrin K\u00f6mm und Dr. rer. medic. Andrea Vloet<\/strong>.<\/p>\n\n\n\n<p><strong>ePA<\/strong>: aus aktuellem Anlass m\u00f6chten wir dar\u00fcber aufkl\u00e4ren, dass ab jetzt f\u00fcr jeden gesetzlich Versicherten die <strong>elektronische <\/strong>Patientenakte mit Daten bef\u00fcllt wird. Schon beim Einlesen der Karte in der Praxis ist dies automatisch \u00fcber die <strong>Abrechnungsdaten<\/strong> der Fall und f\u00fcr alles medizinische Personal (Praxen, Apotheken,&#8230;)  sichtbar. Wenn Sie dies nicht wollen, m\u00fcssen Sie <strong><em>vor <\/em><\/strong>einem Termin direkt bei Ihrer Krankenkasse widersprechen.<\/p>\n\n\n\n<p class=\"has-secondary-color has-light-green-cyan-to-vivid-green-cyan-gradient-background has-text-color has-background has-link-color has-medium-font-size wp-elements-81619d868b02f86fdb157b467592320e\">Aufgrund der aktuellen <strong>Verschlechterung der psychotherapeutischen Versorgung <\/strong>durch K\u00fcrzungen von Honorar, geplanten Budgetierungen, weiteren Streichungen, Gesundheitslotsen und m\u00f6glicherweise sogar dem Wegfall der Langzeittherapie etc. m\u00f6chten wir Sie hier mit unten stehenden Links kurz informieren. Beteiligen Sie sich gern an\/mit Petitionen, Demos, Schreiben an Politiker etc. &#8211; Es kommt auch Ihnen und Angeh\u00f6rigen zu Gute!                                                               <strong><a href=\"https:\/\/aktionsbuendnis-psychotherapie.info\/\">Aktionsb\u00fcndnis Psychotherapie \u2013 Gemeinsam f\u00fcr eine bessere Versorgung | Aktionsb\u00fcndnis Psychotherapie<\/a> <a href=\"https:\/\/www.n-tv.de\/panorama\/Therapie-wird-zum-Objekt-des-Sparens-id30699821.html\">Psychotherapeuten alarmiert: &#8222;Therapie wird zum Objekt des Sparens&#8220; &#8211; ntv.de<\/a><\/strong><\/p>\n\n\n\n<p><\/p>\n\n\n\n<p class=\"has-text-align-center has-primary-color has-quaternary-background-color has-text-color has-background\">Aktuell sind alle Therapiepl\u00e4tze vergeben, bitte wenden Sie sich an die Hotline der KVB: <strong>09 21 \/ 8 80 99 &#8211; 4 04 1<\/strong><\/p>\n\n\n\n<p class=\"has-text-align-center has-primary-color has-pale-ocean-gradient-background has-text-color has-background\"> Infos unter <a href=\"https:\/\/www.kvb.de\/patienten\/psychotherapeutische-versorgung\">https:\/\/www.kvb.de\/patienten\/psychotherapeutische-versorgung<\/a> .<\/p>\n\n\n\n<p>Wir sind von der KV Bayern zugelassen f\u00fcr die Behandlung von Kindern ab ca. 4 Jahren und Jugendlichen bis 21 Jahren. In unserem Behandlungsspektrum finden Sie sowohl <a href=\"http:\/\/test.kjp-wue.de\/?page_id=52\">tiefenpsychologisch fundierte Psychotherapie<\/a> als auch <a href=\"http:\/\/test.kjp-wue.de\/?page_id=51\">Verhaltenstherapie<\/a>.<\/p>\n\n\n\n<p><strong>Telefonisch <\/strong>erreichen Sie uns zu den jeweiligen Sprechzeiten <strong> (au\u00dfer w\u00e4hrend der bay. Schulferien)<\/strong><\/p>\n\n\n\n<p><strong>Dr. Andrea Vloet<\/strong> montags 9:30 &#8211; 11:10 Uhr   <strong>0931- 80474723<\/strong> vloet@kjp-wue.de <\/p>\n\n\n\n<p><strong>Katrin K\u00f6mm<\/strong> mittwochs 11:00 &#8211; 12:15 Uhr unter <strong>0931 &#8211; 99164260<\/strong> koemm@kjp-wue.de <\/p>\n\n\n\n<p><\/p>\n\n\n\n<p>Die gro\u00dfz\u00fcgigen Praxisr\u00e4ume befinden sich in der <strong>Arndtstra\u00dfe 12<\/strong> in W\u00fcrzburg (Stadtteil Sanderau) und sind z.B. mit der Stra\u00dfenbahn (Bahnlinie 1 und 4 Richtung Sanderau bis Haltestelle Arndtstra\u00dfe) sehr gut zu erreichen. Parken kann man vor dem B\u00e4cker oder am Mainkai.<\/p>\n\n\n\n<div class=\"wp-block-envira-envira-gallery\"><div id=\"envira-gallery-wrap-61\" class=\"envira-gallery-wrap envira-gallery-theme-base envira-lightbox-theme-base_dark\" itemscope itemtype=\"https:\/\/schema.org\/ImageGallery\"><div data-row-height=\"150\" data-gallery-theme=\"normal\" id=\"envira-gallery-61\" class=\"envira-gallery-public envira-gallery-justified-public envira-gallery-0-columns envira-clear enviratope envira-gallery-css-animations\" data-envira-columns=\"0\"><div id=\"envira-gallery-item-66\" class=\"envira-gallery-item enviratope-item envira-gallery-item-1 envira-lazy-load\" style=\"padding-left: 1px; padding-bottom: 1px; padding-right: 1px;\"  itemscope itemtype=\"https:\/\/schema.org\/ImageObject\"><div class=\"envira-gallery-item-inner\"><div class=\"envira-gallery-position-overlay  envira-gallery-top-left\"><\/div><div class=\"envira-gallery-position-overlay  envira-gallery-top-right\"><\/div><div class=\"envira-gallery-position-overlay  envira-gallery-bottom-left\"><\/div><div class=\"envira-gallery-position-overlay  envira-gallery-bottom-right\"><\/div><a href=\"http:\/\/test.kjp-wue.de\/wp-content\/uploads\/2019\/10\/big_33245876_0_400-2671.jpg\" class=\"envira-gallery-61 envira-gallery-link\" rel=\"enviragallery61\" title=\"big_33245876_0_400-267[1]\" data-envira-caption=\"big_33245876_0_400-267[1]\" data-envira-retina=\"\" data-thumbnail=\"\"  itemprop=\"contentUrl\"><img decoding=\"async\" id=\"envira-gallery-image-66\" class=\"envira-gallery-image envira-gallery-image-1 envira-normal envira-lazy\" data-envira-index=\"1\" src=\"https:\/\/kjp-wue.de\/wp-content\/uploads\/2019\/10\/big_33245876_0_400-2671-640x480.jpg\" data-envira-src=\"https:\/\/kjp-wue.de\/wp-content\/uploads\/2019\/10\/big_33245876_0_400-2671-640x480.jpg\" data-envira-gallery-id=\"61\" data-envira-item-id=\"66\" data-envira-caption=\"big_33245876_0_400-267[1]\" alt=\"\" title=\"big_33245876_0_400-267[1]\"  itemprop=\"thumbnailUrl\" data-envira-srcset=\"https:\/\/kjp-wue.de\/wp-content\/uploads\/2019\/10\/big_33245876_0_400-2671-640x480.jpg 400w,https:\/\/kjp-wue.de\/wp-content\/uploads\/2019\/10\/big_33245876_0_400-2671-640x480.jpg 2x\" data-envira-width=\"300\" data-envira-height=\"200\" srcset=\"data:image\/gif;base64,R0lGODlhAQABAIAAAP\/\/\/\/\/\/\/yH5BAEKAAEALAAAAAABAAEAAAICTAEAOw==\" data-safe-src=\"data:image\/gif;base64,R0lGODlhAQABAIAAAP\/\/\/\/\/\/\/yH5BAEKAAEALAAAAAABAAEAAAICTAEAOw==\" \/><\/a><\/div><\/div><div id=\"envira-gallery-item-103\" class=\"envira-gallery-item enviratope-item envira-gallery-item-2 envira-lazy-load\" style=\"padding-left: 1px; padding-bottom: 1px; padding-right: 1px;\"  itemscope itemtype=\"https:\/\/schema.org\/ImageObject\"><div class=\"envira-gallery-item-inner\"><div class=\"envira-gallery-position-overlay  envira-gallery-top-left\"><\/div><div class=\"envira-gallery-position-overlay  envira-gallery-top-right\"><\/div><div class=\"envira-gallery-position-overlay  envira-gallery-bottom-left\"><\/div><div class=\"envira-gallery-position-overlay  envira-gallery-bottom-right\"><\/div><a href=\"http:\/\/test.kjp-wue.de\/wp-content\/uploads\/2019\/10\/IMG_3437.jpg\" class=\"envira-gallery-61 envira-gallery-link\" rel=\"enviragallery61\" title=\"IMG_3437\" data-envira-caption=\"IMG_3437\" data-envira-retina=\"\" data-thumbnail=\"\"  itemprop=\"contentUrl\"><img decoding=\"async\" id=\"envira-gallery-image-103\" class=\"envira-gallery-image envira-gallery-image-2 envira-normal envira-lazy\" data-envira-index=\"2\" src=\"https:\/\/kjp-wue.de\/wp-content\/uploads\/2019\/10\/IMG_3437-1024x768-640x480.jpg\" data-envira-src=\"https:\/\/kjp-wue.de\/wp-content\/uploads\/2019\/10\/IMG_3437-1024x768-640x480.jpg\" data-envira-gallery-id=\"61\" data-envira-item-id=\"103\" data-envira-caption=\"IMG_3437\" alt=\"\" title=\"IMG_3437\"  itemprop=\"thumbnailUrl\" data-envira-srcset=\"https:\/\/kjp-wue.de\/wp-content\/uploads\/2019\/10\/IMG_3437-1024x768-640x480.jpg 400w,https:\/\/kjp-wue.de\/wp-content\/uploads\/2019\/10\/IMG_3437-1024x768-640x480.jpg 2x\" data-envira-width=\"300\" data-envira-height=\"225\" srcset=\"data:image\/gif;base64,R0lGODlhAQABAIAAAP\/\/\/\/\/\/\/yH5BAEKAAEALAAAAAABAAEAAAICTAEAOw==\" data-safe-src=\"data:image\/gif;base64,R0lGODlhAQABAIAAAP\/\/\/\/\/\/\/yH5BAEKAAEALAAAAAABAAEAAAICTAEAOw==\" \/><\/a><\/div><\/div><div id=\"envira-gallery-item-104\" class=\"envira-gallery-item enviratope-item envira-gallery-item-3 envira-lazy-load\" style=\"padding-left: 1px; padding-bottom: 1px; padding-right: 1px;\"  itemscope itemtype=\"https:\/\/schema.org\/ImageObject\"><div class=\"envira-gallery-item-inner\"><div class=\"envira-gallery-position-overlay  envira-gallery-top-left\"><\/div><div class=\"envira-gallery-position-overlay  envira-gallery-top-right\"><\/div><div class=\"envira-gallery-position-overlay  envira-gallery-bottom-left\"><\/div><div class=\"envira-gallery-position-overlay  envira-gallery-bottom-right\"><\/div><a href=\"http:\/\/test.kjp-wue.de\/wp-content\/uploads\/2019\/10\/IMG_3438.jpg\" class=\"envira-gallery-61 envira-gallery-link\" rel=\"enviragallery61\" title=\"IMG_3438\" data-envira-caption=\"IMG_3438\" data-envira-retina=\"\" data-thumbnail=\"\"  itemprop=\"contentUrl\"><img decoding=\"async\" id=\"envira-gallery-image-104\" class=\"envira-gallery-image envira-gallery-image-3 envira-normal envira-lazy\" data-envira-index=\"3\" src=\"https:\/\/kjp-wue.de\/wp-content\/uploads\/2019\/10\/IMG_3438-1024x768-640x480.jpg\" data-envira-src=\"https:\/\/kjp-wue.de\/wp-content\/uploads\/2019\/10\/IMG_3438-1024x768-640x480.jpg\" data-envira-gallery-id=\"61\" data-envira-item-id=\"104\" data-envira-caption=\"IMG_3438\" alt=\"\" title=\"IMG_3438\"  itemprop=\"thumbnailUrl\" data-envira-srcset=\"https:\/\/kjp-wue.de\/wp-content\/uploads\/2019\/10\/IMG_3438-1024x768-640x480.jpg 400w,https:\/\/kjp-wue.de\/wp-content\/uploads\/2019\/10\/IMG_3438-1024x768-640x480.jpg 2x\" data-envira-width=\"300\" data-envira-height=\"225\" srcset=\"data:image\/gif;base64,R0lGODlhAQABAIAAAP\/\/\/\/\/\/\/yH5BAEKAAEALAAAAAABAAEAAAICTAEAOw==\" data-safe-src=\"data:image\/gif;base64,R0lGODlhAQABAIAAAP\/\/\/\/\/\/\/yH5BAEKAAEALAAAAAABAAEAAAICTAEAOw==\" \/><\/a><\/div><\/div><div id=\"envira-gallery-item-105\" class=\"envira-gallery-item enviratope-item envira-gallery-item-4 envira-lazy-load\" style=\"padding-left: 1px; padding-bottom: 1px; padding-right: 1px;\"  itemscope itemtype=\"https:\/\/schema.org\/ImageObject\"><div class=\"envira-gallery-item-inner\"><div class=\"envira-gallery-position-overlay  envira-gallery-top-left\"><\/div><div class=\"envira-gallery-position-overlay  envira-gallery-top-right\"><\/div><div class=\"envira-gallery-position-overlay  envira-gallery-bottom-left\"><\/div><div class=\"envira-gallery-position-overlay  envira-gallery-bottom-right\"><\/div><a href=\"http:\/\/test.kjp-wue.de\/wp-content\/uploads\/2019\/10\/IMG_3440.jpg\" class=\"envira-gallery-61 envira-gallery-link\" rel=\"enviragallery61\" title=\"IMG_3440\" data-envira-caption=\"IMG_3440\" data-envira-retina=\"\" data-thumbnail=\"\"  itemprop=\"contentUrl\"><img decoding=\"async\" id=\"envira-gallery-image-105\" class=\"envira-gallery-image envira-gallery-image-4 envira-normal envira-lazy\" data-envira-index=\"4\" src=\"https:\/\/kjp-wue.de\/wp-content\/uploads\/2019\/10\/IMG_3440-1024x768-640x480.jpg\" data-envira-src=\"https:\/\/kjp-wue.de\/wp-content\/uploads\/2019\/10\/IMG_3440-1024x768-640x480.jpg\" data-envira-gallery-id=\"61\" data-envira-item-id=\"105\" data-envira-caption=\"IMG_3440\" alt=\"\" title=\"IMG_3440\"  itemprop=\"thumbnailUrl\" data-envira-srcset=\"https:\/\/kjp-wue.de\/wp-content\/uploads\/2019\/10\/IMG_3440-1024x768-640x480.jpg 400w,https:\/\/kjp-wue.de\/wp-content\/uploads\/2019\/10\/IMG_3440-1024x768-640x480.jpg 2x\" data-envira-width=\"300\" data-envira-height=\"225\" srcset=\"data:image\/gif;base64,R0lGODlhAQABAIAAAP\/\/\/\/\/\/\/yH5BAEKAAEALAAAAAABAAEAAAICTAEAOw==\" data-safe-src=\"data:image\/gif;base64,R0lGODlhAQABAIAAAP\/\/\/\/\/\/\/yH5BAEKAAEALAAAAAABAAEAAAICTAEAOw==\" \/><\/a><\/div><\/div><\/div><\/div><noscript><img decoding=\"async\" src=\"https:\/\/kjp-wue.de\/wp-content\/uploads\/2019\/10\/big_33245876_0_400-2671.jpg\" alt=\"\" \/><img decoding=\"async\" src=\"https:\/\/kjp-wue.de\/wp-content\/uploads\/2019\/10\/IMG_3437.jpg\" alt=\"\" \/><img decoding=\"async\" src=\"https:\/\/kjp-wue.de\/wp-content\/uploads\/2019\/10\/IMG_3438.jpg\" alt=\"\" \/><img decoding=\"async\" src=\"https:\/\/kjp-wue.de\/wp-content\/uploads\/2019\/10\/IMG_3440.jpg\" alt=\"\" \/><\/noscript><\/div>\n","protected":false},"excerpt":{"rendered":"<p>Herzlich Willkommen in der psychotherapeutischen Praxisgemeinschaft f\u00fcr Kinder und Jugendliche von Katrin K\u00f6mm und Dr. rer. medic. Andrea Vloet. ePA:&hellip;<\/p>\n","protected":false},"author":1,"featured_media":0,"parent":0,"menu_order":0,"comment_status":"closed","ping_status":"closed","template":"","meta":{"footnotes":""},"class_list":["post-22","page","type-page","status-publish","hentry"],"_links":{"self":[{"href":"https:\/\/kjp-wue.de\/index.php?rest_route=\/wp\/v2\/pages\/22","targetHints":{"allow":["GET"]}}],"collection":[{"href":"https:\/\/kjp-wue.de\/index.php?rest_route=\/wp\/v2\/pages"}],"about":[{"href":"https:\/\/kjp-wue.de\/index.php?rest_route=\/wp\/v2\/types\/page"}],"author":[{"embeddable":true,"href":"https:\/\/kjp-wue.de\/index.php?rest_route=\/wp\/v2\/users\/1"}],"replies":[{"embeddable":true,"href":"https:\/\/kjp-wue.de\/index.php?rest_route=%2Fwp%2Fv2%2Fcomments&post=22"}],"version-history":[{"count":45,"href":"https:\/\/kjp-wue.de\/index.php?rest_route=\/wp\/v2\/pages\/22\/revisions"}],"predecessor-version":[{"id":418,"href":"https:\/\/kjp-wue.de\/index.php?rest_route=\/wp\/v2\/pages\/22\/revisions\/418"}],"wp:attachment":[{"href":"https:\/\/kjp-wue.de\/index.php?rest_route=%2Fwp%2Fv2%2Fmedia&parent=22"}],"curies":[{"name":"wp","href":"https:\/\/api.w.org\/{rel}","templated":true}]}}